{"id":266254,"date":"2025-11-11T12:54:24","date_gmt":"2025-11-11T11:54:24","guid":{"rendered":"https:\/\/gestprivilege.com\/privilege-properties\/"},"modified":"2026-04-25T16:09:18","modified_gmt":"2026-04-25T14:09:18","slug":"exclusieve-woningen","status":"publish","type":"page","link":"https:\/\/gestprivilege.com\/nl\/exclusieve-woningen\/","title":{"rendered":"Exclusieve woningen"},"content":{"rendered":"\t\t<div data-elementor-type=\"wp-page\" data-elementor-id=\"266254\" class=\"elementor elementor-266254 elementor-2135\" data-elementor-post-type=\"page\">\n\t\t\t\t\t\t<section class=\"elementor-section elementor-top-section elementor-element elementor-element-7349c71b elementor-section-stretched elementor-section-boxed elementor-section-height-default elementor-section-height-default elementor-invisible\" data-id=\"7349c71b\" data-element_type=\"section\" data-e-type=\"section\" id=\"exclusive\" data-settings=\"{&quot;stretch_section&quot;:&quot;section-stretched&quot;,&quot;animation&quot;:&quot;fadeIn&quot;}\">\n\t\t\t\t\t\t\t<div class=\"elementor-background-overlay\"><\/div>\n\t\t\t\t\t\t\t<div class=\"elementor-container elementor-column-gap-default\">\n\t\t\t\t\t<div class=\"elementor-column elementor-col-100 elementor-top-column elementor-element elementor-element-52f20c5b\" data-id=\"52f20c5b\" data-element_type=\"column\" data-e-type=\"column\">\n\t\t\t<div class=\"elementor-widget-wrap elementor-element-populated\">\n\t\t\t\t\t\t<div class=\"elementor-element elementor-element-10e8a1c4 elementor-widget elementor-widget-houzez_elementor_space\" data-id=\"10e8a1c4\" data-element_type=\"widget\" data-e-type=\"widget\" data-widget_type=\"houzez_elementor_space.default\">\n\t\t\t\t<div class=\"elementor-widget-container\">\n\t\t\t\t\t        <div class=\"houzez-spacer\">\n            <div class=\"houzez-spacer-inner\"><\/div>\n        <\/div>\n        \t\t\t\t<\/div>\n\t\t\t\t<\/div>\n\t\t\t\t<section class=\"elementor-section elementor-inner-section elementor-element elementor-element-56213161 elementor-section-content-middle elementor-section-boxed elementor-section-height-default elementor-section-height-default\" data-id=\"56213161\" data-element_type=\"section\" data-e-type=\"section\">\n\t\t\t\t\t\t<div class=\"elementor-container elementor-column-gap-wider\">\n\t\t\t\t\t<div class=\"elementor-column elementor-col-100 elementor-inner-column elementor-element elementor-element-45b67f22\" data-id=\"45b67f22\" data-element_type=\"column\" data-e-type=\"column\">\n\t\t\t<div class=\"elementor-widget-wrap elementor-element-populated\">\n\t\t\t\t\t\t<div class=\"elementor-element elementor-element-7805d5bd elementor-widget elementor-widget-houzez_elementor_section_title\" data-id=\"7805d5bd\" data-element_type=\"widget\" data-e-type=\"widget\" data-widget_type=\"houzez_elementor_section_title.default\">\n\t\t\t\t<div class=\"elementor-widget-container\">\n\t\t\t\t\t            <div class=\"houzez_section_title_wrap section-title-module\">\n                                    <h2 class=\"houzez_section_title\">Exclusieve woningen<\/h2>\n                \n                                    <p class=\"houzez_section_subtitle\">Een gecureerde selectie van bijzondere woningen<\/p>\n                            <\/div>\n            \t\t\t\t<\/div>\n\t\t\t\t<\/div>\n\t\t\t\t\t<\/div>\n\t\t<\/div>\n\t\t\t\t\t<\/div>\n\t\t<\/section>\n\t\t\t\t<section class=\"elementor-section elementor-inner-section elementor-element elementor-element-6b04342e elementor-section-height-min-height elementor-section-content-middle elementor-section-boxed elementor-section-height-default\" data-id=\"6b04342e\" data-element_type=\"section\" data-e-type=\"section\" data-settings=\"{&quot;background_background&quot;:&quot;classic&quot;}\">\n\t\t\t\t\t\t\t<div class=\"elementor-background-overlay\"><\/div>\n\t\t\t\t\t\t\t<div class=\"elementor-container elementor-column-gap-default\">\n\t\t\t\t\t<div class=\"elementor-column elementor-col-100 elementor-inner-column elementor-element elementor-element-4e07430c\" data-id=\"4e07430c\" data-element_type=\"column\" data-e-type=\"column\">\n\t\t\t<div class=\"elementor-widget-wrap elementor-element-populated\">\n\t\t\t\t\t\t<div class=\"elementor-element elementor-element-6460cd65 elementor-button-align-stretch elementor-widget elementor-widget-houzez_elementor_search_builder\" data-id=\"6460cd65\" data-element_type=\"widget\" data-e-type=\"widget\" data-widget_type=\"houzez_elementor_search_builder.default\">\n\t\t\t\t<div class=\"elementor-widget-container\">\n\t\t\t\t\t        <style>\n            #houzez-search-6460cd65 .houzez-ele-search-form-wrapper {\n                padding-bottom: 0px;\n            }\n        <\/style>\n        \n        <form class=\"houzez-search-form-js houzez-search-builder-form-js\" id=\"houzez-search-6460cd65\" method=\"get\" action=\"https:\/\/gestprivilege.com\/nl\/exclusieve-woningen\/\" >\n\n            \n            <div class=\"houzez-search-builder-wrapper\">\n\n                <div class=\"houzez-ele-search-form-wrapper elementor-form-fields-wrapper elementor-labels-above\">\n\n                                            <div class=\"elementor-field-group elementor-column form-group elementor-field-group-8493d0b elementor-col-30\">\n                    <label for=\"form-field-8493d0b\" class=\"elementor-field-label elementor-screen-only\">City<\/label>        <div class=\"elementor-field elementor-select-wrapper form-group\">\n            <select data-size=\"5\" name=\"location[]\" id=\"form-field-8493d0b\" class=\"selectpicker bs-select-hidden houzez-field-textual form-control elementor-size-md houzezSelectFilter houzezCityFilter houzezThirdList houzez-city-js\" data-none-results-text=\"Ning\u00fan resultado coincide {0}\" data-target=\"houzezFourthList\">\n                <option value=\"\">City<\/option><option data-ref=\"llucmajor\" data-belong=\"illes-balears\" data-subtext=\"Illes Balears\" value=\"llucmajor\">Llucmajor<\/option><option data-ref=\"santa-maria-del-cami\" data-belong=\"illes-balears\" data-subtext=\"Illes Balears\" value=\"santa-maria-del-cami\">Santa Mar\u00eda del Cam\u00ed<\/option>            <\/select>\n        <\/div>\n                            <\/div>\n                                <div class=\"elementor-field-group elementor-column form-group elementor-field-group-0b13643 elementor-col-30\">\n                            <div class=\"elementor-field elementor-select-wrapper form-group\">\n            <select multiple=\"multiple\" title=\"Type\" data-selected-text-format=\"count &gt; 1\" data-select-all-text=\"Select All\" data-deselect-all-text=\"Deselect All\" data-actions-box=\"true\" data-count-selected-text=\"{0} items selected\" data-live-search=\"true\" data-live-search-normalize=\"true\" data-size=\"5\" name=\"type[]\" id=\"form-field-0b13643\" class=\"selectpicker bs-select-hidden houzez-field-textual form-control elementor-size-md \" data-none-results-text=\"Ning\u00fan resultado coincide {0}\">\n                <option data-ref=\"appartement\"   value=\"appartement\">Appartement<\/option><option data-ref=\"commerci\u00eble-gebouwen\"   value=\"commerci\u00eble-gebouwen\">Commerci\u00eble gebouwen<\/option><option data-ref=\"gebouw\"   value=\"gebouw\">Gebouw<\/option><option data-ref=\"grond\"   value=\"grond\">Grond<\/option><option data-ref=\"hotel\"   value=\"hotel\">Hotel<\/option><option data-ref=\"landhuis\"   value=\"landhuis\">Landhuis<\/option><option data-ref=\"magazijn\"   value=\"magazijn\">Magazijn<\/option><option data-ref=\"penthouse\"   value=\"penthouse\">Penthouse<\/option><option data-ref=\"rijtjeshuis\"   value=\"rijtjeshuis\">Rijtjeshuis<\/option><option data-ref=\"villa\"   value=\"villa\">Villa<\/option>            <\/select>\n        <\/div>\n                            <\/div>\n                                <div class=\"elementor-field-group elementor-column form-group elementor-field-group-9aadb9c elementor-col-30\">\n                    <label for=\"form-field-9aadb9c\" class=\"elementor-field-label elementor-screen-only\">To price<\/label>        <div class=\"prices-for-all elementor-field elementor-select-wrapper\">\n            <select data-size=\"5\" name=\"max-price\" id=\"form-field-9aadb9c\" data-live-search=\"true\" data-live-search-normalize=\"true\" class=\"selectpicker bs-select-hidden houzez-field-textual form-control elementor-size-md\">\n                <option value=\"\">To price.....<\/option><option value=\"any\">Any<\/option><option value=\"2000000\">\u20ac2,000,000<\/option><option value=\"4000000\">\u20ac4,000,000<\/option><option value=\"7000000\">\u20ac7,000,000<\/option><option value=\"10000000\">\u20ac10,000,000<\/option><option value=\"15000000\">\u20ac15,000,000<\/option>\n            <\/select><!-- selectpicker -->\n        <\/div><!-- form-group -->\n\n        <div class=\"hide prices-only-for-rent elementor-field elementor-select-wrapper\">\n            <select data-size=\"5\" name=\"max-price\" id=\"form-field-9aadb9c\" data-live-search=\"true\" data-live-search-normalize=\"true\" class=\"selectpicker bs-select-hidden houzez-field-textual form-control elementor-size-md\">\n                <option value=\"\">To price.....<\/option><option value=\"any\">Any<\/option><option value=\"1000\">\u20ac1,000<\/option><option value=\"2000\">\u20ac2,000<\/option><option value=\"3000\">\u20ac3,000<\/option><option value=\"4000\">\u20ac4,000<\/option><option value=\"5000\">\u20ac5,000<\/option><option value=\"7500\">\u20ac7,500<\/option><option value=\"10000\">\u20ac10,000<\/option><option value=\"15000\">\u20ac15,000<\/option><option value=\"20000\">\u20ac20,000<\/option><option value=\"25000\">\u20ac25,000<\/option><option value=\"30000\">\u20ac30,000<\/option><option value=\"40000\">\u20ac40,000<\/option><option value=\"50000\">\u20ac50,000<\/option><option value=\"75000\">\u20ac75,000<\/option><option value=\"100000\">\u20ac100,000<\/option><option value=\"150000\">\u20ac150,000<\/option>\n            <\/select><!-- selectpicker -->\n        <\/div><!-- form-group -->\n                            <\/div>\n                                    <div class=\"elementor-field-group elementor-column elementor-field-type-submit elementor-col-10\">\n                                <button type=\"submit\" class=\"houzez-search-button btn-primary elementor-button elementor-size-md\">\n                                                                        <i class=\"houzez-icon icon-search\"><\/i>\n                                                                    <\/button>\n                            <\/div>\n                            \n                <\/div><!-- End main wrapper-->\n\n                            <\/div> <!-- End houzez-search-builder-wrapper -->\n        <\/form>\n\n        \t\t\t\t<\/div>\n\t\t\t\t<\/div>\n\t\t\t\t\t<\/div>\n\t\t<\/div>\n\t\t\t\t\t<\/div>\n\t\t<\/section>\n\t\t\t\t\t<\/div>\n\t\t<\/div>\n\t\t\t\t\t<\/div>\n\t\t<\/section>\n\t\t\t\t<\/div>\n\t\t","protected":false},"excerpt":{"rendered":"<p>Exclusieve woningen Een gecureerde selectie van bijzondere woningen City CityEast Coast &#8211; Alto de la R\u00e1pita &#8211; Art\u00e0 &#8211; Campos &#8211; Capdepera &#8211; Felanitx &#8211; Manacor &#8211; Santany\u00ed &#8211; Ses SalinesIsland Center &#8211; Alar\u00f3 &#8211; Algaida &#8211; Ariany &#8211; B\u00fager &#8211; Inca &#8211; Lloret de Vistalegre &#8211; PorreresLlucmajorNorth Coast &#8211; Alc\u00fadia &#8211; S\u00f3ller &#8211; ValldemossaPalma [&hellip;]<\/p>\n","protected":false},"author":2,"featured_media":0,"parent":0,"menu_order":0,"comment_status":"closed","ping_status":"closed","template":"template\/template-search.php","meta":{"footnotes":""},"class_list":["post-266254","page","type-page","status-publish","hentry"],"yoast_head":"<!-- This site is optimized with the Yoast SEO plugin v27.5 - https:\/\/yoast.com\/product\/yoast-seo-wordpress\/ -->\n<title>Exclusieve woningen &#8226; Gestprivilege<\/title>\n<meta name=\"robots\" content=\"index, follow, max-snippet:-1, max-image-preview:large, max-video-preview:-1\" \/>\n<link rel=\"canonical\" href=\"https:\/\/gestprivilege.com\/privilege-properties\/\" \/>\n<meta property=\"og:locale\" content=\"nl_NL\" \/>\n<meta property=\"og:type\" content=\"article\" \/>\n<meta property=\"og:title\" content=\"Exclusieve woningen &#8226; Gestprivilege\" \/>\n<meta property=\"og:description\" content=\"Exclusieve woningen Een gecureerde selectie van bijzondere woningen City CityEast Coast &#8211; Alto de la R\u00e1pita &#8211; Art\u00e0 &#8211; Campos &#8211; Capdepera &#8211; Felanitx &#8211; Manacor &#8211; Santany\u00ed &#8211; Ses SalinesIsland Center &#8211; Alar\u00f3 &#8211; Algaida &#8211; Ariany &#8211; B\u00fager &#8211; Inca &#8211; Lloret de Vistalegre &#8211; PorreresLlucmajorNorth Coast &#8211; Alc\u00fadia &#8211; S\u00f3ller &#8211; ValldemossaPalma [&hellip;]\" \/>\n<meta property=\"og:url\" content=\"https:\/\/gestprivilege.com\/privilege-properties\/\" \/>\n<meta property=\"og:site_name\" content=\"Gestprivilege\" \/>\n<meta property=\"article:modified_time\" content=\"2026-04-25T14:09:18+00:00\" \/>\n<meta name=\"twitter:card\" content=\"summary_large_image\" \/>\n<meta name=\"twitter:label1\" content=\"Geschatte leestijd\" \/>\n\t<meta name=\"twitter:data1\" content=\"1 minuut\" \/>\n<script type=\"application\/ld+json\" class=\"yoast-schema-graph\">{\"@context\":\"https:\\\/\\\/schema.org\",\"@graph\":[{\"@type\":\"WebPage\",\"@id\":\"https:\\\/\\\/gestprivilege.com\\\/privilege-properties\\\/\",\"url\":\"https:\\\/\\\/gestprivilege.com\\\/privilege-properties\\\/\",\"name\":\"Exclusieve woningen &#8226; Gestprivilege\",\"isPartOf\":{\"@id\":\"https:\\\/\\\/gestprivilege.com\\\/#website\"},\"datePublished\":\"2025-11-11T11:54:24+00:00\",\"dateModified\":\"2026-04-25T14:09:18+00:00\",\"breadcrumb\":{\"@id\":\"https:\\\/\\\/gestprivilege.com\\\/privilege-properties\\\/#breadcrumb\"},\"inLanguage\":\"nl-NL\",\"potentialAction\":[{\"@type\":\"ReadAction\",\"target\":[\"https:\\\/\\\/gestprivilege.com\\\/privilege-properties\\\/\"]}]},{\"@type\":\"BreadcrumbList\",\"@id\":\"https:\\\/\\\/gestprivilege.com\\\/privilege-properties\\\/#breadcrumb\",\"itemListElement\":[{\"@type\":\"ListItem\",\"position\":1,\"name\":\"Home\",\"item\":\"https:\\\/\\\/gestprivilege.com\\\/nl\\\/\"},{\"@type\":\"ListItem\",\"position\":2,\"name\":\"Exclusieve woningen\"}]},{\"@type\":\"WebSite\",\"@id\":\"https:\\\/\\\/gestprivilege.com\\\/#website\",\"url\":\"https:\\\/\\\/gestprivilege.com\\\/\",\"name\":\"Gestprivilege\",\"description\":\"Gestprivilege | Propiedades de lujo en Mallorca\",\"publisher\":{\"@id\":\"https:\\\/\\\/gestprivilege.com\\\/#organization\"},\"potentialAction\":[{\"@type\":\"SearchAction\",\"target\":{\"@type\":\"EntryPoint\",\"urlTemplate\":\"https:\\\/\\\/gestprivilege.com\\\/?s={search_term_string}\"},\"query-input\":{\"@type\":\"PropertyValueSpecification\",\"valueRequired\":true,\"valueName\":\"search_term_string\"}}],\"inLanguage\":\"nl-NL\"},{\"@type\":\"Organization\",\"@id\":\"https:\\\/\\\/gestprivilege.com\\\/#organization\",\"name\":\"Gestprivilege\",\"url\":\"https:\\\/\\\/gestprivilege.com\\\/\",\"logo\":{\"@type\":\"ImageObject\",\"inLanguage\":\"nl-NL\",\"@id\":\"https:\\\/\\\/gestprivilege.com\\\/#\\\/schema\\\/logo\\\/image\\\/\",\"url\":\"https:\\\/\\\/gestprivilege.com\\\/wp-content\\\/uploads\\\/2025\\\/12\\\/dubai_central_neg.svg\",\"contentUrl\":\"https:\\\/\\\/gestprivilege.com\\\/wp-content\\\/uploads\\\/2025\\\/12\\\/dubai_central_neg.svg\",\"width\":113,\"height\":41,\"caption\":\"Gestprivilege\"},\"image\":{\"@id\":\"https:\\\/\\\/gestprivilege.com\\\/#\\\/schema\\\/logo\\\/image\\\/\"}}]}<\/script>\n<!-- \/ Yoast SEO plugin. -->","yoast_head_json":{"title":"Exclusieve woningen &#8226; Gestprivilege","robots":{"index":"index","follow":"follow","max-snippet":"max-snippet:-1","max-image-preview":"max-image-preview:large","max-video-preview":"max-video-preview:-1"},"canonical":"https:\/\/gestprivilege.com\/privilege-properties\/","og_locale":"nl_NL","og_type":"article","og_title":"Exclusieve woningen &#8226; Gestprivilege","og_description":"Exclusieve woningen Een gecureerde selectie van bijzondere woningen City CityEast Coast &#8211; Alto de la R\u00e1pita &#8211; Art\u00e0 &#8211; Campos &#8211; Capdepera &#8211; Felanitx &#8211; Manacor &#8211; Santany\u00ed &#8211; Ses SalinesIsland Center &#8211; Alar\u00f3 &#8211; Algaida &#8211; Ariany &#8211; B\u00fager &#8211; Inca &#8211; Lloret de Vistalegre &#8211; PorreresLlucmajorNorth Coast &#8211; Alc\u00fadia &#8211; S\u00f3ller &#8211; ValldemossaPalma [&hellip;]","og_url":"https:\/\/gestprivilege.com\/privilege-properties\/","og_site_name":"Gestprivilege","article_modified_time":"2026-04-25T14:09:18+00:00","twitter_card":"summary_large_image","twitter_misc":{"Geschatte leestijd":"1 minuut"},"schema":{"@context":"https:\/\/schema.org","@graph":[{"@type":"WebPage","@id":"https:\/\/gestprivilege.com\/privilege-properties\/","url":"https:\/\/gestprivilege.com\/privilege-properties\/","name":"Exclusieve woningen &#8226; Gestprivilege","isPartOf":{"@id":"https:\/\/gestprivilege.com\/#website"},"datePublished":"2025-11-11T11:54:24+00:00","dateModified":"2026-04-25T14:09:18+00:00","breadcrumb":{"@id":"https:\/\/gestprivilege.com\/privilege-properties\/#breadcrumb"},"inLanguage":"nl-NL","potentialAction":[{"@type":"ReadAction","target":["https:\/\/gestprivilege.com\/privilege-properties\/"]}]},{"@type":"BreadcrumbList","@id":"https:\/\/gestprivilege.com\/privilege-properties\/#breadcrumb","itemListElement":[{"@type":"ListItem","position":1,"name":"Home","item":"https:\/\/gestprivilege.com\/nl\/"},{"@type":"ListItem","position":2,"name":"Exclusieve woningen"}]},{"@type":"WebSite","@id":"https:\/\/gestprivilege.com\/#website","url":"https:\/\/gestprivilege.com\/","name":"Gestprivilege","description":"Gestprivilege | Propiedades de lujo en Mallorca","publisher":{"@id":"https:\/\/gestprivilege.com\/#organization"},"potentialAction":[{"@type":"SearchAction","target":{"@type":"EntryPoint","urlTemplate":"https:\/\/gestprivilege.com\/?s={search_term_string}"},"query-input":{"@type":"PropertyValueSpecification","valueRequired":true,"valueName":"search_term_string"}}],"inLanguage":"nl-NL"},{"@type":"Organization","@id":"https:\/\/gestprivilege.com\/#organization","name":"Gestprivilege","url":"https:\/\/gestprivilege.com\/","logo":{"@type":"ImageObject","inLanguage":"nl-NL","@id":"https:\/\/gestprivilege.com\/#\/schema\/logo\/image\/","url":"https:\/\/gestprivilege.com\/wp-content\/uploads\/2025\/12\/dubai_central_neg.svg","contentUrl":"https:\/\/gestprivilege.com\/wp-content\/uploads\/2025\/12\/dubai_central_neg.svg","width":113,"height":41,"caption":"Gestprivilege"},"image":{"@id":"https:\/\/gestprivilege.com\/#\/schema\/logo\/image\/"}}]}},"_links":{"self":[{"href":"https:\/\/gestprivilege.com\/nl\/wp-json\/wp\/v2\/pages\/266254","targetHints":{"allow":["GET"]}}],"collection":[{"href":"https:\/\/gestprivilege.com\/nl\/wp-json\/wp\/v2\/pages"}],"about":[{"href":"https:\/\/gestprivilege.com\/nl\/wp-json\/wp\/v2\/types\/page"}],"author":[{"embeddable":true,"href":"https:\/\/gestprivilege.com\/nl\/wp-json\/wp\/v2\/users\/2"}],"replies":[{"embeddable":true,"href":"https:\/\/gestprivilege.com\/nl\/wp-json\/wp\/v2\/comments?post=266254"}],"version-history":[{"count":6,"href":"https:\/\/gestprivilege.com\/nl\/wp-json\/wp\/v2\/pages\/266254\/revisions"}],"predecessor-version":[{"id":266269,"href":"https:\/\/gestprivilege.com\/nl\/wp-json\/wp\/v2\/pages\/266254\/revisions\/266269"}],"wp:attachment":[{"href":"https:\/\/gestprivilege.com\/nl\/wp-json\/wp\/v2\/media?parent=266254"}],"curies":[{"name":"wp","href":"https:\/\/api.w.org\/{rel}","templated":true}]}}