{"id":124726,"date":"2025-11-11T12:54:24","date_gmt":"2025-11-11T11:54:24","guid":{"rendered":"https:\/\/gestprivilege.com\/?page_id=124726"},"modified":"2026-03-06T18:22:59","modified_gmt":"2026-03-06T17:22:59","slug":"listados-exclusivos","status":"publish","type":"page","link":"https:\/\/gestprivilege.com\/es\/listados-exclusivos\/","title":{"rendered":"Listados exclusivos"},"content":{"rendered":"\t\t<div data-elementor-type=\"wp-page\" data-elementor-id=\"124726\" class=\"elementor elementor-124726 elementor-2135\" data-elementor-post-type=\"page\">\n\t\t\t\t\t\t<section class=\"elementor-section elementor-top-section elementor-element elementor-element-7349c71b elementor-section-stretched elementor-section-boxed elementor-section-height-default elementor-section-height-default elementor-invisible\" data-id=\"7349c71b\" data-element_type=\"section\" data-e-type=\"section\" id=\"exclusive\" data-settings=\"{&quot;stretch_section&quot;:&quot;section-stretched&quot;,&quot;animation&quot;:&quot;fadeIn&quot;}\">\n\t\t\t\t\t\t\t<div class=\"elementor-background-overlay\"><\/div>\n\t\t\t\t\t\t\t<div class=\"elementor-container elementor-column-gap-default\">\n\t\t\t\t\t<div class=\"elementor-column elementor-col-100 elementor-top-column elementor-element elementor-element-52f20c5b\" data-id=\"52f20c5b\" data-element_type=\"column\" data-e-type=\"column\">\n\t\t\t<div class=\"elementor-widget-wrap elementor-element-populated\">\n\t\t\t\t\t\t<div class=\"elementor-element elementor-element-10e8a1c4 elementor-widget elementor-widget-houzez_elementor_space\" data-id=\"10e8a1c4\" data-element_type=\"widget\" data-e-type=\"widget\" data-widget_type=\"houzez_elementor_space.default\">\n\t\t\t\t<div class=\"elementor-widget-container\">\n\t\t\t\t\t        <div class=\"houzez-spacer\">\n            <div class=\"houzez-spacer-inner\"><\/div>\n        <\/div>\n        \t\t\t\t<\/div>\n\t\t\t\t<\/div>\n\t\t\t\t<section class=\"elementor-section elementor-inner-section elementor-element elementor-element-56213161 elementor-section-content-middle elementor-section-boxed elementor-section-height-default elementor-section-height-default\" data-id=\"56213161\" data-element_type=\"section\" data-e-type=\"section\">\n\t\t\t\t\t\t<div class=\"elementor-container elementor-column-gap-wider\">\n\t\t\t\t\t<div class=\"elementor-column elementor-col-100 elementor-inner-column elementor-element elementor-element-45b67f22\" data-id=\"45b67f22\" data-element_type=\"column\" data-e-type=\"column\">\n\t\t\t<div class=\"elementor-widget-wrap elementor-element-populated\">\n\t\t\t\t\t\t<div class=\"elementor-element elementor-element-7805d5bd elementor-widget elementor-widget-houzez_elementor_section_title\" data-id=\"7805d5bd\" data-element_type=\"widget\" data-e-type=\"widget\" data-widget_type=\"houzez_elementor_section_title.default\">\n\t\t\t\t<div class=\"elementor-widget-container\">\n\t\t\t\t\t            <div class=\"houzez_section_title_wrap section-title-module\">\n                                    <h2 class=\"houzez_section_title\">Exclusive Listings<\/h2>\n                \n                                    <p class=\"houzez_section_subtitle\">A curated selection of remarkable homes<\/p>\n                            <\/div>\n            \t\t\t\t<\/div>\n\t\t\t\t<\/div>\n\t\t\t\t\t<\/div>\n\t\t<\/div>\n\t\t\t\t\t<\/div>\n\t\t<\/section>\n\t\t\t\t<section class=\"elementor-section elementor-inner-section elementor-element elementor-element-6b04342e elementor-section-height-min-height elementor-section-content-middle elementor-section-boxed elementor-section-height-default\" data-id=\"6b04342e\" data-element_type=\"section\" data-e-type=\"section\" data-settings=\"{&quot;background_background&quot;:&quot;classic&quot;}\">\n\t\t\t\t\t\t\t<div class=\"elementor-background-overlay\"><\/div>\n\t\t\t\t\t\t\t<div class=\"elementor-container elementor-column-gap-default\">\n\t\t\t\t\t<div class=\"elementor-column elementor-col-100 elementor-inner-column elementor-element elementor-element-4e07430c\" data-id=\"4e07430c\" data-element_type=\"column\" data-e-type=\"column\">\n\t\t\t<div class=\"elementor-widget-wrap elementor-element-populated\">\n\t\t\t\t\t\t<div class=\"elementor-element elementor-element-6460cd65 elementor-button-align-stretch elementor-widget elementor-widget-houzez_elementor_search_builder\" data-id=\"6460cd65\" data-element_type=\"widget\" data-e-type=\"widget\" data-widget_type=\"houzez_elementor_search_builder.default\">\n\t\t\t\t<div class=\"elementor-widget-container\">\n\t\t\t\t\t        <style>\n            #houzez-search-6460cd65 .houzez-ele-search-form-wrapper {\n                padding-bottom: 0px;\n            }\n        <\/style>\n        \n        <form class=\"houzez-search-form-js houzez-search-builder-form-js\" id=\"houzez-search-6460cd65\" method=\"get\" action=\"https:\/\/gestprivilege.com\/es\/listados-exclusivos\/\" >\n\n            \n            <div class=\"houzez-search-builder-wrapper\">\n\n                <div class=\"houzez-ele-search-form-wrapper elementor-form-fields-wrapper elementor-labels-above\">\n\n                                            <div class=\"elementor-field-group elementor-column form-group elementor-field-group-8493d0b elementor-col-30\">\n                    <label for=\"form-field-8493d0b\" class=\"elementor-field-label elementor-screen-only\">Ciudad<\/label>        <div class=\"elementor-field elementor-select-wrapper form-group\">\n            <select data-size=\"5\" name=\"location[]\" id=\"form-field-8493d0b\" class=\"selectpicker bs-select-hidden houzez-field-textual form-control elementor-size-md houzezSelectFilter houzezCityFilter houzezThirdList houzez-city-js\" data-none-results-text=\"Ning\u00fan resultado coincide {0}\" data-target=\"houzezFourthList\">\n                <option value=\"\">Ciudad<\/option><option data-ref=\"alaro\" data-belong=\"illes-balears\" data-subtext=\"Illes Balears\" value=\"alaro\">Alar\u00f3<\/option><option data-ref=\"alcudia\" data-belong=\"illes-balears\" data-subtext=\"Illes Balears\" value=\"alcudia\">Alc\u00fadia<\/option><option data-ref=\"algaida\" data-belong=\"illes-balears\" data-subtext=\"Illes Balears\" value=\"algaida\">Algaida<\/option><option data-ref=\"alto-de-la-rapita\" data-belong=\"illes-balears\" data-subtext=\"Illes Balears\" value=\"alto-de-la-rapita\">Alto de la R\u00e1pita<\/option><option data-ref=\"andratx\" data-belong=\"illes-balears\" data-subtext=\"Illes Balears\" value=\"andratx\">Andratx<\/option><option data-ref=\"ariany\" data-belong=\"illes-balears\" data-subtext=\"Illes Balears\" value=\"ariany\">Ariany<\/option><option data-ref=\"arta\" data-belong=\"illes-balears\" data-subtext=\"Illes Balears\" value=\"arta\">Art\u00e0<\/option><option data-ref=\"buger\" data-belong=\"illes-balears\" data-subtext=\"Illes Balears\" value=\"buger\">B\u00fager<\/option><option data-ref=\"calvia\" data-belong=\"illes-balears\" data-subtext=\"Illes Balears\" value=\"calvia\">Calvi\u00e0<\/option><option data-ref=\"campos\" data-belong=\"illes-balears\" data-subtext=\"Illes Balears\" value=\"campos\">Campos<\/option><option data-ref=\"capdepera\" data-belong=\"illes-balears\" data-subtext=\"Illes Balears\" value=\"capdepera\">Capdepera<\/option><option data-ref=\"felanitx\" data-belong=\"illes-balears\" data-subtext=\"Illes Balears\" value=\"felanitx\">Felanitx<\/option><option data-ref=\"inca\" data-belong=\"illes-balears\" data-subtext=\"Illes Balears\" value=\"inca\">Inca<\/option><option data-ref=\"lloret-de-vistalegre\" data-belong=\"illes-balears\" data-subtext=\"Illes Balears\" value=\"lloret-de-vistalegre\">Lloret de Vistalegre<\/option><option data-ref=\"llucmajor\" data-belong=\"illes-balears\" data-subtext=\"Illes Balears\" value=\"llucmajor\">Llucmajor<\/option><option data-ref=\"manacor\" data-belong=\"illes-balears\" data-subtext=\"Illes Balears\" value=\"manacor\">Manacor<\/option><option data-ref=\"palma\" data-belong=\"illes-balears\" data-subtext=\"Illes Balears\" value=\"palma\">Palma<\/option><option data-ref=\"porreres\" data-belong=\"illes-balears\" data-subtext=\"Illes Balears\" value=\"porreres\">Porreres<\/option><option data-ref=\"puigpunyent\" data-belong=\"illes-balears\" data-subtext=\"Illes Balears\" value=\"puigpunyent\">Puigpunyent<\/option><option data-ref=\"sant-llorenc-des-cardassar\" data-belong=\"illes-balears\" data-subtext=\"Illes Balears\" value=\"sant-llorenc-des-cardassar\">Sant Lloren\u00e7 des Cardassar<\/option><option data-ref=\"santanyi\" data-belong=\"illes-balears\" data-subtext=\"Illes Balears\" value=\"santanyi\">Santany\u00ed<\/option><option data-ref=\"ses-salines\" data-belong=\"illes-balears\" data-subtext=\"Illes Balears\" value=\"ses-salines\">Ses Salines<\/option><option data-ref=\"soller\" data-belong=\"illes-balears\" data-subtext=\"Illes Balears\" value=\"soller\">S\u00f3ller<\/option><option data-ref=\"valldemossa\" data-belong=\"illes-balears\" data-subtext=\"Illes Balears\" value=\"valldemossa\">Valldemossa<\/option>            <\/select>\n        <\/div>\n                            <\/div>\n                                <div class=\"elementor-field-group elementor-column form-group elementor-field-group-0b13643 elementor-col-30\">\n                            <div class=\"elementor-field elementor-select-wrapper form-group\">\n            <select multiple=\"multiple\" title=\"Tipo\" data-selected-text-format=\"count &gt; 1\" data-select-all-text=\"Select All\" data-deselect-all-text=\"Deselect All\" data-actions-box=\"true\" data-count-selected-text=\"{0} items selected\" data-live-search=\"true\" data-live-search-normalize=\"true\" data-size=\"5\" name=\"type[]\" id=\"form-field-0b13643\" class=\"selectpicker bs-select-hidden houzez-field-textual form-control elementor-size-md \" data-none-results-text=\"Ning\u00fan resultado coincide {0}\">\n                <option data-ref=\"adosado\"   value=\"adosado\">Adosado<\/option><option data-ref=\"apartamento\"   value=\"apartamento\">Apartamento<\/option><option data-ref=\"atico\"   value=\"atico\">\u00c1tico<\/option><option data-ref=\"atico-duplex\"   value=\"atico-duplex\">\u00c1tico D\u00faplex<\/option><option data-ref=\"casa\"   value=\"casa\">Casa<\/option><option data-ref=\"casa-de-campo\"   value=\"casa-de-campo\">Casa de campo<\/option><option data-ref=\"chalet\"   value=\"chalet\">Chalet<\/option><option data-ref=\"cortijo\"   value=\"cortijo\">Cortijo<\/option><option data-ref=\"duplex\"   value=\"duplex\">D\u00faplex<\/option><option data-ref=\"edificio\"   value=\"edificio\">Edificio<\/option><option data-ref=\"finca\"   value=\"finca\">Finca<\/option><option data-ref=\"hotel\"   value=\"hotel\">Hotel<\/option><option data-ref=\"local-comercial\"   value=\"local-comercial\">Local comercial<\/option><option data-ref=\"nave-industrial\"   value=\"nave-industrial\">Nave industrial<\/option><option data-ref=\"negocio\"   value=\"negocio\">Negocio<\/option><option data-ref=\"piso\"   value=\"piso\">Piso<\/option><option data-ref=\"solar\"   value=\"solar\">Solar<\/option><option data-ref=\"terreno-rural\"   value=\"terreno-rural\">Terreno rural<\/option><option data-ref=\"terreno-urbano\"   value=\"terreno-urbano\">Terreno urbano<\/option><option data-ref=\"villas\"   value=\"villas\">Villas<\/option>            <\/select>\n        <\/div>\n                            <\/div>\n                                <div class=\"elementor-field-group elementor-column form-group elementor-field-group-9aadb9c elementor-col-30\">\n                    <label for=\"form-field-9aadb9c\" class=\"elementor-field-label elementor-screen-only\">Para fijar el precio<\/label>        <div class=\"prices-for-all elementor-field elementor-select-wrapper\">\n            <select data-size=\"5\" name=\"max-price\" id=\"form-field-9aadb9c\" data-live-search=\"true\" data-live-search-normalize=\"true\" class=\"selectpicker bs-select-hidden houzez-field-textual form-control elementor-size-md\">\n                <option value=\"\">Para fijar el precio.....<\/option><option value=\"any\">Any<\/option><option value=\"1500000\">\u20ac1,500,000<\/option><option value=\"2000000\">\u20ac2,000,000<\/option><option value=\"2500000\">\u20ac2,500,000<\/option><option value=\"5000000\">\u20ac5,000,000<\/option><option value=\"6000000\">\u20ac6,000,000<\/option><option value=\"7000000\">\u20ac7,000,000<\/option><option value=\"8000000\">\u20ac8,000,000<\/option><option value=\"9000000\">\u20ac9,000,000<\/option><option value=\"10000000\">\u20ac10,000,000<\/option>\n            <\/select><!-- selectpicker -->\n        <\/div><!-- form-group -->\n\n        <div class=\"hide prices-only-for-rent elementor-field elementor-select-wrapper\">\n            <select data-size=\"5\" name=\"max-price\" id=\"form-field-9aadb9c\" data-live-search=\"true\" data-live-search-normalize=\"true\" class=\"selectpicker bs-select-hidden houzez-field-textual form-control elementor-size-md\">\n                <option value=\"\">Para fijar el precio.....<\/option><option value=\"any\">Any<\/option><option value=\"1000\">\u20ac1,000<\/option><option value=\"2000\">\u20ac2,000<\/option><option value=\"3000\">\u20ac3,000<\/option><option value=\"4000\">\u20ac4,000<\/option><option value=\"5000\">\u20ac5,000<\/option><option value=\"7500\">\u20ac7,500<\/option><option value=\"10000\">\u20ac10,000<\/option><option value=\"15000\">\u20ac15,000<\/option><option value=\"20000\">\u20ac20,000<\/option><option value=\"25000\">\u20ac25,000<\/option><option value=\"30000\">\u20ac30,000<\/option><option value=\"40000\">\u20ac40,000<\/option><option value=\"50000\">\u20ac50,000<\/option><option value=\"75000\">\u20ac75,000<\/option><option value=\"100000\">\u20ac100,000<\/option><option value=\"150000\">\u20ac150,000<\/option>\n            <\/select><!-- selectpicker -->\n        <\/div><!-- form-group -->\n                            <\/div>\n                                    <div class=\"elementor-field-group elementor-column elementor-field-type-submit elementor-col-10\">\n                                <button type=\"submit\" class=\"houzez-search-button btn-primary elementor-button elementor-size-md\">\n                                                                        <i class=\"houzez-icon icon-search\"><\/i>\n                                                                    <\/button>\n                            <\/div>\n                            \n                <\/div><!-- End main wrapper-->\n\n                            <\/div> <!-- End houzez-search-builder-wrapper -->\n        <\/form>\n\n        \t\t\t\t<\/div>\n\t\t\t\t<\/div>\n\t\t\t\t\t<\/div>\n\t\t<\/div>\n\t\t\t\t\t<\/div>\n\t\t<\/section>\n\t\t\t\t\t<\/div>\n\t\t<\/div>\n\t\t\t\t\t<\/div>\n\t\t<\/section>\n\t\t\t\t<\/div>\n\t\t","protected":false},"excerpt":{"rendered":"<p>Exclusive Listings A curated selection of remarkable homes City CityAlar\u00f3Alc\u00fadiaAlgaidaAndratxArianyArt\u00e0BunyolaCalvi\u00e0CamposFelanitxLloret de VistalegreLlucmajorManacorMaria de la SalutMarratx\u00edMontu\u00efriPalmaPuigpunyentSant Lloren\u00e7 des CardassarSanta MargalidaSantany\u00edSelvaSes SalinesS\u00f3ller ApartamentoApartment\u00c1tico D\u00faplexCasaCasa de campoChaletCondoCortijoD\u00faplexEdificioFarmFincaHotelLandLocal comercialLoftLotMulti Family HomeNave industrialNegocioPisoSingle Family HomeSolarTerreno urbanoTownhouseVillaVillas To price To price&#8230;..Any\u20ac1,500,000\u20ac2,000,000\u20ac2,500,000\u20ac5,000,000\u20ac6,000,000\u20ac7,000,000\u20ac8,000,000\u20ac9,000,000\u20ac10,000,000 To price&#8230;..Any\u20ac1,000\u20ac2,000\u20ac3,000\u20ac4,000\u20ac5,000\u20ac7,500\u20ac10,000\u20ac15,000\u20ac20,000\u20ac25,000\u20ac30,000\u20ac40,000\u20ac50,000\u20ac75,000\u20ac100,000\u20ac150,000<\/p>\n","protected":false},"author":2,"featured_media":0,"parent":0,"menu_order":0,"comment_status":"closed","ping_status":"closed","template":"template\/template-search.php","meta":{"footnotes":""},"class_list":["post-124726","page","type-page","status-publish","hentry"],"yoast_head":"<!-- This site is optimized with the Yoast SEO plugin v26.9 - https:\/\/yoast.com\/product\/yoast-seo-wordpress\/ -->\n<title>Listados exclusivos &#8226; Gestprivilege<\/title>\n<meta name=\"robots\" content=\"index, follow, max-snippet:-1, max-image-preview:large, max-video-preview:-1\" \/>\n<link rel=\"canonical\" href=\"https:\/\/gestprivilege.com\/es\/listados-exclusivos\/\" \/>\n<meta property=\"og:locale\" content=\"es_ES\" \/>\n<meta property=\"og:type\" content=\"article\" \/>\n<meta property=\"og:title\" content=\"Listados exclusivos &#8226; Gestprivilege\" \/>\n<meta property=\"og:description\" content=\"Exclusive Listings A curated selection of remarkable homes City CityAlar\u00f3Alc\u00fadiaAlgaidaAndratxArianyArt\u00e0BunyolaCalvi\u00e0CamposFelanitxLloret de VistalegreLlucmajorManacorMaria de la SalutMarratx\u00edMontu\u00efriPalmaPuigpunyentSant Lloren\u00e7 des CardassarSanta MargalidaSantany\u00edSelvaSes SalinesS\u00f3ller ApartamentoApartment\u00c1tico D\u00faplexCasaCasa de campoChaletCondoCortijoD\u00faplexEdificioFarmFincaHotelLandLocal comercialLoftLotMulti Family HomeNave industrialNegocioPisoSingle Family HomeSolarTerreno urbanoTownhouseVillaVillas To price To price&#8230;..Any\u20ac1,500,000\u20ac2,000,000\u20ac2,500,000\u20ac5,000,000\u20ac6,000,000\u20ac7,000,000\u20ac8,000,000\u20ac9,000,000\u20ac10,000,000 To price&#8230;..Any\u20ac1,000\u20ac2,000\u20ac3,000\u20ac4,000\u20ac5,000\u20ac7,500\u20ac10,000\u20ac15,000\u20ac20,000\u20ac25,000\u20ac30,000\u20ac40,000\u20ac50,000\u20ac75,000\u20ac100,000\u20ac150,000\" \/>\n<meta property=\"og:url\" content=\"https:\/\/gestprivilege.com\/es\/listados-exclusivos\/\" \/>\n<meta property=\"og:site_name\" content=\"Gestprivilege\" \/>\n<meta property=\"article:modified_time\" content=\"2026-03-06T17:22:59+00:00\" \/>\n<meta name=\"twitter:card\" content=\"summary_large_image\" \/>\n<meta name=\"twitter:label1\" content=\"Tiempo de lectura\" \/>\n\t<meta name=\"twitter:data1\" content=\"1 minuto\" \/>\n<script type=\"application\/ld+json\" class=\"yoast-schema-graph\">{\"@context\":\"https:\/\/schema.org\",\"@graph\":[{\"@type\":\"WebPage\",\"@id\":\"https:\/\/gestprivilege.com\/es\/listados-exclusivos\/\",\"url\":\"https:\/\/gestprivilege.com\/es\/listados-exclusivos\/\",\"name\":\"Listados exclusivos &#8226; Gestprivilege\",\"isPartOf\":{\"@id\":\"https:\/\/gestprivilege.com\/#website\"},\"datePublished\":\"2025-11-11T11:54:24+00:00\",\"dateModified\":\"2026-03-06T17:22:59+00:00\",\"breadcrumb\":{\"@id\":\"https:\/\/gestprivilege.com\/es\/listados-exclusivos\/#breadcrumb\"},\"inLanguage\":\"es\",\"potentialAction\":[{\"@type\":\"ReadAction\",\"target\":[\"https:\/\/gestprivilege.com\/es\/listados-exclusivos\/\"]}]},{\"@type\":\"BreadcrumbList\",\"@id\":\"https:\/\/gestprivilege.com\/es\/listados-exclusivos\/#breadcrumb\",\"itemListElement\":[{\"@type\":\"ListItem\",\"position\":1,\"name\":\"Home\",\"item\":\"https:\/\/gestprivilege.com\/es\/?page_id=124792\"},{\"@type\":\"ListItem\",\"position\":2,\"name\":\"Listados exclusivos\"}]},{\"@type\":\"WebSite\",\"@id\":\"https:\/\/gestprivilege.com\/#website\",\"url\":\"https:\/\/gestprivilege.com\/\",\"name\":\"Gestprivilege\",\"description\":\"Gestprivilege | Propiedades de lujo en Mallorca\",\"publisher\":{\"@id\":\"https:\/\/gestprivilege.com\/#organization\"},\"potentialAction\":[{\"@type\":\"SearchAction\",\"target\":{\"@type\":\"EntryPoint\",\"urlTemplate\":\"https:\/\/gestprivilege.com\/?s={search_term_string}\"},\"query-input\":{\"@type\":\"PropertyValueSpecification\",\"valueRequired\":true,\"valueName\":\"search_term_string\"}}],\"inLanguage\":\"es\"},{\"@type\":\"Organization\",\"@id\":\"https:\/\/gestprivilege.com\/#organization\",\"name\":\"Gestprivilege\",\"url\":\"https:\/\/gestprivilege.com\/\",\"logo\":{\"@type\":\"ImageObject\",\"inLanguage\":\"es\",\"@id\":\"https:\/\/gestprivilege.com\/#\/schema\/logo\/image\/\",\"url\":\"https:\/\/gestprivilege.com\/wp-content\/uploads\/2025\/12\/dubai_central_neg.svg\",\"contentUrl\":\"https:\/\/gestprivilege.com\/wp-content\/uploads\/2025\/12\/dubai_central_neg.svg\",\"width\":113,\"height\":41,\"caption\":\"Gestprivilege\"},\"image\":{\"@id\":\"https:\/\/gestprivilege.com\/#\/schema\/logo\/image\/\"}}]}<\/script>\n<!-- \/ Yoast SEO plugin. -->","yoast_head_json":{"title":"Listados exclusivos &#8226; Gestprivilege","robots":{"index":"index","follow":"follow","max-snippet":"max-snippet:-1","max-image-preview":"max-image-preview:large","max-video-preview":"max-video-preview:-1"},"canonical":"https:\/\/gestprivilege.com\/es\/listados-exclusivos\/","og_locale":"es_ES","og_type":"article","og_title":"Listados exclusivos &#8226; Gestprivilege","og_description":"Exclusive Listings A curated selection of remarkable homes City CityAlar\u00f3Alc\u00fadiaAlgaidaAndratxArianyArt\u00e0BunyolaCalvi\u00e0CamposFelanitxLloret de VistalegreLlucmajorManacorMaria de la SalutMarratx\u00edMontu\u00efriPalmaPuigpunyentSant Lloren\u00e7 des CardassarSanta MargalidaSantany\u00edSelvaSes SalinesS\u00f3ller ApartamentoApartment\u00c1tico D\u00faplexCasaCasa de campoChaletCondoCortijoD\u00faplexEdificioFarmFincaHotelLandLocal comercialLoftLotMulti Family HomeNave industrialNegocioPisoSingle Family HomeSolarTerreno urbanoTownhouseVillaVillas To price To price&#8230;..Any\u20ac1,500,000\u20ac2,000,000\u20ac2,500,000\u20ac5,000,000\u20ac6,000,000\u20ac7,000,000\u20ac8,000,000\u20ac9,000,000\u20ac10,000,000 To price&#8230;..Any\u20ac1,000\u20ac2,000\u20ac3,000\u20ac4,000\u20ac5,000\u20ac7,500\u20ac10,000\u20ac15,000\u20ac20,000\u20ac25,000\u20ac30,000\u20ac40,000\u20ac50,000\u20ac75,000\u20ac100,000\u20ac150,000","og_url":"https:\/\/gestprivilege.com\/es\/listados-exclusivos\/","og_site_name":"Gestprivilege","article_modified_time":"2026-03-06T17:22:59+00:00","twitter_card":"summary_large_image","twitter_misc":{"Tiempo de lectura":"1 minuto"},"schema":{"@context":"https:\/\/schema.org","@graph":[{"@type":"WebPage","@id":"https:\/\/gestprivilege.com\/es\/listados-exclusivos\/","url":"https:\/\/gestprivilege.com\/es\/listados-exclusivos\/","name":"Listados exclusivos &#8226; Gestprivilege","isPartOf":{"@id":"https:\/\/gestprivilege.com\/#website"},"datePublished":"2025-11-11T11:54:24+00:00","dateModified":"2026-03-06T17:22:59+00:00","breadcrumb":{"@id":"https:\/\/gestprivilege.com\/es\/listados-exclusivos\/#breadcrumb"},"inLanguage":"es","potentialAction":[{"@type":"ReadAction","target":["https:\/\/gestprivilege.com\/es\/listados-exclusivos\/"]}]},{"@type":"BreadcrumbList","@id":"https:\/\/gestprivilege.com\/es\/listados-exclusivos\/#breadcrumb","itemListElement":[{"@type":"ListItem","position":1,"name":"Home","item":"https:\/\/gestprivilege.com\/es\/?page_id=124792"},{"@type":"ListItem","position":2,"name":"Listados exclusivos"}]},{"@type":"WebSite","@id":"https:\/\/gestprivilege.com\/#website","url":"https:\/\/gestprivilege.com\/","name":"Gestprivilege","description":"Gestprivilege | Propiedades de lujo en Mallorca","publisher":{"@id":"https:\/\/gestprivilege.com\/#organization"},"potentialAction":[{"@type":"SearchAction","target":{"@type":"EntryPoint","urlTemplate":"https:\/\/gestprivilege.com\/?s={search_term_string}"},"query-input":{"@type":"PropertyValueSpecification","valueRequired":true,"valueName":"search_term_string"}}],"inLanguage":"es"},{"@type":"Organization","@id":"https:\/\/gestprivilege.com\/#organization","name":"Gestprivilege","url":"https:\/\/gestprivilege.com\/","logo":{"@type":"ImageObject","inLanguage":"es","@id":"https:\/\/gestprivilege.com\/#\/schema\/logo\/image\/","url":"https:\/\/gestprivilege.com\/wp-content\/uploads\/2025\/12\/dubai_central_neg.svg","contentUrl":"https:\/\/gestprivilege.com\/wp-content\/uploads\/2025\/12\/dubai_central_neg.svg","width":113,"height":41,"caption":"Gestprivilege"},"image":{"@id":"https:\/\/gestprivilege.com\/#\/schema\/logo\/image\/"}}]}},"_links":{"self":[{"href":"https:\/\/gestprivilege.com\/es\/wp-json\/wp\/v2\/pages\/124726","targetHints":{"allow":["GET"]}}],"collection":[{"href":"https:\/\/gestprivilege.com\/es\/wp-json\/wp\/v2\/pages"}],"about":[{"href":"https:\/\/gestprivilege.com\/es\/wp-json\/wp\/v2\/types\/page"}],"author":[{"embeddable":true,"href":"https:\/\/gestprivilege.com\/es\/wp-json\/wp\/v2\/users\/2"}],"replies":[{"embeddable":true,"href":"https:\/\/gestprivilege.com\/es\/wp-json\/wp\/v2\/comments?post=124726"}],"version-history":[{"count":1,"href":"https:\/\/gestprivilege.com\/es\/wp-json\/wp\/v2\/pages\/124726\/revisions"}],"predecessor-version":[{"id":124775,"href":"https:\/\/gestprivilege.com\/es\/wp-json\/wp\/v2\/pages\/124726\/revisions\/124775"}],"wp:attachment":[{"href":"https:\/\/gestprivilege.com\/es\/wp-json\/wp\/v2\/media?parent=124726"}],"curies":[{"name":"wp","href":"https:\/\/api.w.org\/{rel}","templated":true}]}}